{"id":2180,"date":"2022-10-16T23:50:06","date_gmt":"2022-10-16T21:50:06","guid":{"rendered":"https:\/\/www.gregorsinai.com\/staging\/?page_id=2180"},"modified":"2024-03-30T00:08:55","modified_gmt":"2024-03-29T23:08:55","slug":"ueber-mich","status":"publish","type":"page","link":"https:\/\/www.gregorsinai.com\/staging\/ueber-mich\/","title":{"rendered":"\u00dcber mich"},"content":{"rendered":"\t\t<div data-elementor-type=\"wp-page\" data-elementor-id=\"2180\" class=\"elementor elementor-2180\" data-elementor-post-type=\"page\">\n\t\t\t\t\t\t<section class=\"elementor-section elementor-top-section elementor-element elementor-element-a2bce89 elementor-section-full_width elementor-section-height-default elementor-section-height-default\" data-id=\"a2bce89\" data-element_type=\"section\" data-e-type=\"section\" data-settings=\"{&quot;background_background&quot;:&quot;classic&quot;}\">\n\t\t\t\t\t\t\t<div class=\"elementor-background-overlay\"><\/div>\n\t\t\t\t\t\t\t<div class=\"elementor-container elementor-column-gap-default\">\n\t\t\t\t\t<div class=\"elementor-column elementor-col-100 elementor-top-column elementor-element elementor-element-ca74149\" data-id=\"ca74149\" data-element_type=\"column\" data-e-type=\"column\">\n\t\t\t<div class=\"elementor-widget-wrap elementor-element-populated\">\n\t\t\t\t\t\t<section class=\"elementor-section elementor-inner-section elementor-element elementor-element-ee2e798 elementor-section-full_width elementor-section-height-default elementor-section-height-default\" data-id=\"ee2e798\" data-element_type=\"section\" data-e-type=\"section\">\n\t\t\t\t\t\t<div class=\"elementor-container elementor-column-gap-default\">\n\t\t\t\t\t<div class=\"elementor-column elementor-col-50 elementor-inner-column elementor-element elementor-element-4423131\" data-id=\"4423131\" data-element_type=\"column\" data-e-type=\"column\">\n\t\t\t<div class=\"elementor-widget-wrap elementor-element-populated\">\n\t\t\t\t\t\t<div class=\"elementor-element elementor-element-006a95c elementor-widget elementor-widget-spacer\" data-id=\"006a95c\" data-element_type=\"widget\" data-e-type=\"widget\" data-widget_type=\"spacer.default\">\n\t\t\t\t<div class=\"elementor-widget-container\">\n\t\t\t\t\t\t\t<div class=\"elementor-spacer\">\n\t\t\t<div class=\"elementor-spacer-inner\"><\/div>\n\t\t<\/div>\n\t\t\t\t\t\t<\/div>\n\t\t\t\t<\/div>\n\t\t\t\t<div class=\"elementor-element elementor-element-8d1ef5d elementor-widget elementor-widget-heading\" data-id=\"8d1ef5d\" data-element_type=\"widget\" data-e-type=\"widget\" data-widget_type=\"heading.default\">\n\t\t\t\t<div class=\"elementor-widget-container\">\n\t\t\t\t\t<h2 class=\"elementor-heading-title elementor-size-default\">Mein Name ist Gregor Sinai\nund ich liebe es zu produzieren!<\/h2>\t\t\t\t<\/div>\n\t\t\t\t<\/div>\n\t\t\t\t<div class=\"elementor-element elementor-element-7c631ec elementor-widget elementor-widget-heading\" data-id=\"7c631ec\" data-element_type=\"widget\" data-e-type=\"widget\" data-widget_type=\"heading.default\">\n\t\t\t\t<div class=\"elementor-widget-container\">\n\t\t\t\t\t<h2 class=\"elementor-heading-title elementor-size-default\">Alles Kreative hat bei mir im Alter von 9 Jahren begonnen als ich Schlagzeugspielen in der Musikschule in Klosterneuburg lernte und in den diversesten Musikgruppen mitwirkte.\n\n<br>Mit 20 fing ich an mir mein eigenes kleines Video- und Tonstudio einzurichten, in welchem ich meine eigenen Musik-Videos produzierte und bereits Erfolg mit meinem ersten Youtube Kanal hatte.\n\n\nVon 2014 bis 2022 arbeitete ich als Berater f\u00fcr Kameraausr\u00fcstung im Foto und Video-Fachhandel und war schon damals als Werbefilmproduzent und Fotograf t\u00e4tig.\n\n\nIch bin bei der Firma INiTS nebenbei angestellt. Diese beiden T\u00e4tigkeiten erg\u00e4nzen einander perfekt.\n\n\nNunmehr habe ich gen\u00fcgend Kompetenz und Ausr\u00fcstung um professionelle Fotos &amp; Videofilme produzieren zu k\u00f6nnen.<\/h2>\t\t\t\t<\/div>\n\t\t\t\t<\/div>\n\t\t\t\t\t<\/div>\n\t\t<\/div>\n\t\t\t\t<div class=\"elementor-column elementor-col-50 elementor-inner-column elementor-element elementor-element-fa0a82f elementor-hidden-mobile\" data-id=\"fa0a82f\" data-element_type=\"column\" data-e-type=\"column\">\n\t\t\t<div class=\"elementor-widget-wrap\">\n\t\t\t\t\t\t\t<\/div>\n\t\t<\/div>\n\t\t\t\t\t<\/div>\n\t\t<\/section>\n\t\t\t\t\t<\/div>\n\t\t<\/div>\n\t\t\t\t\t<\/div>\n\t\t<\/section>\n\t\t\t\t<\/div>\n\t\t","protected":false},"excerpt":{"rendered":"<p>Mein Name ist Gregor Sinai und ich liebe es zu produzieren! Alles Kreative hat bei mir im Alter von 9 Jahren begonnen als ich Schlagzeugspielen in der Musikschule in Klosterneuburg lernte und in den diversesten Musikgruppen mitwirkte. Mit 20 fing ich an mir mein eigenes kleines Video- und Tonstudio einzurichten, in welchem ich meine eigenen [&hellip;]<\/p>\n","protected":false},"author":2,"featured_media":0,"parent":0,"menu_order":0,"comment_status":"closed","ping_status":"closed","template":"","meta":{"_acf_changed":false,"footnotes":""},"class_list":["post-2180","page","type-page","status-publish","hentry"],"acf":[],"yoast_head":"<!-- This site is optimized with the Yoast SEO plugin v23.8 - https:\/\/yoast.com\/wordpress\/plugins\/seo\/ -->\n<title>\u00dcber mich - gregorsinai.com<\/title>\n<meta name=\"robots\" content=\"index, follow, max-snippet:-1, max-image-preview:large, max-video-preview:-1\" \/>\n<link rel=\"canonical\" href=\"https:\/\/www.gregorsinai.com\/staging\/ueber-mich\/\" \/>\n<meta property=\"og:locale\" content=\"de_DE\" \/>\n<meta property=\"og:type\" content=\"article\" \/>\n<meta property=\"og:title\" content=\"\u00dcber mich - gregorsinai.com\" \/>\n<meta property=\"og:description\" content=\"Mein Name ist Gregor Sinai und ich liebe es zu produzieren! Alles Kreative hat bei mir im Alter von 9 Jahren begonnen als ich Schlagzeugspielen in der Musikschule in Klosterneuburg lernte und in den diversesten Musikgruppen mitwirkte. Mit 20 fing ich an mir mein eigenes kleines Video- und Tonstudio einzurichten, in welchem ich meine eigenen [&hellip;]\" \/>\n<meta property=\"og:url\" content=\"https:\/\/www.gregorsinai.com\/staging\/ueber-mich\/\" \/>\n<meta property=\"og:site_name\" content=\"gregorsinai.com\" \/>\n<meta property=\"article:publisher\" content=\"facebook.com\/pix.covery\" \/>\n<meta property=\"article:modified_time\" content=\"2024-03-29T23:08:55+00:00\" \/>\n<meta property=\"og:image\" content=\"https:\/\/www.gregorsinai.com\/staging\/wp-content\/uploads\/2021\/05\/Logo-Site-Identity.jpg\" \/>\n\t<meta property=\"og:image:width\" content=\"1458\" \/>\n\t<meta property=\"og:image:height\" content=\"417\" \/>\n\t<meta property=\"og:image:type\" content=\"image\/jpeg\" \/>\n<meta name=\"twitter:card\" content=\"summary_large_image\" \/>\n<meta name=\"twitter:label1\" content=\"Gesch\u00e4tzte Lesezeit\" \/>\n\t<meta name=\"twitter:data1\" content=\"1\u00a0Minute\" \/>\n<script type=\"application\/ld+json\" class=\"yoast-schema-graph\">{\"@context\":\"https:\/\/schema.org\",\"@graph\":[{\"@type\":[\"Article\",\"BlogPosting\"],\"@id\":\"https:\/\/www.gregorsinai.com\/staging\/ueber-mich\/#article\",\"isPartOf\":{\"@id\":\"https:\/\/www.gregorsinai.com\/staging\/ueber-mich\/\"},\"author\":{\"name\":\"Gregor Sinai\",\"@id\":\"https:\/\/www.gregorsinai.com\/staging\/#\/schema\/person\/5005c7483e712a63f62813dd78077b78\"},\"headline\":\"\u00dcber mich\",\"datePublished\":\"2022-10-16T21:50:06+00:00\",\"dateModified\":\"2024-03-29T23:08:55+00:00\",\"mainEntityOfPage\":{\"@id\":\"https:\/\/www.gregorsinai.com\/staging\/ueber-mich\/\"},\"wordCount\":123,\"publisher\":{\"@id\":\"https:\/\/www.gregorsinai.com\/staging\/#\/schema\/person\/5005c7483e712a63f62813dd78077b78\"},\"inLanguage\":\"de\"},{\"@type\":[\"WebPage\",\"AboutPage\"],\"@id\":\"https:\/\/www.gregorsinai.com\/staging\/ueber-mich\/\",\"url\":\"https:\/\/www.gregorsinai.com\/staging\/ueber-mich\/\",\"name\":\"\u00dcber mich - gregorsinai.com\",\"isPartOf\":{\"@id\":\"https:\/\/www.gregorsinai.com\/staging\/#website\"},\"datePublished\":\"2022-10-16T21:50:06+00:00\",\"dateModified\":\"2024-03-29T23:08:55+00:00\",\"breadcrumb\":{\"@id\":\"https:\/\/www.gregorsinai.com\/staging\/ueber-mich\/#breadcrumb\"},\"inLanguage\":\"de\",\"potentialAction\":[{\"@type\":\"ReadAction\",\"target\":[\"https:\/\/www.gregorsinai.com\/staging\/ueber-mich\/\"]}]},{\"@type\":\"BreadcrumbList\",\"@id\":\"https:\/\/www.gregorsinai.com\/staging\/ueber-mich\/#breadcrumb\",\"itemListElement\":[{\"@type\":\"ListItem\",\"position\":1,\"name\":\"Startseite\",\"item\":\"https:\/\/www.gregorsinai.com\/staging\/\"},{\"@type\":\"ListItem\",\"position\":2,\"name\":\"\u00dcber mich\"}]},{\"@type\":\"WebSite\",\"@id\":\"https:\/\/www.gregorsinai.com\/staging\/#website\",\"url\":\"https:\/\/www.gregorsinai.com\/staging\/\",\"name\":\"gregorsinai.com\",\"description\":\"Fotografie &amp; Werbefilmproduktion aus Wien\",\"publisher\":{\"@id\":\"https:\/\/www.gregorsinai.com\/staging\/#\/schema\/person\/5005c7483e712a63f62813dd78077b78\"},\"potentialAction\":[{\"@type\":\"SearchAction\",\"target\":{\"@type\":\"EntryPoint\",\"urlTemplate\":\"https:\/\/www.gregorsinai.com\/staging\/?s={search_term_string}\"},\"query-input\":{\"@type\":\"PropertyValueSpecification\",\"valueRequired\":true,\"valueName\":\"search_term_string\"}}],\"inLanguage\":\"de\"},{\"@type\":[\"Person\",\"Organization\"],\"@id\":\"https:\/\/www.gregorsinai.com\/staging\/#\/schema\/person\/5005c7483e712a63f62813dd78077b78\",\"name\":\"Gregor Sinai\",\"image\":{\"@type\":\"ImageObject\",\"inLanguage\":\"de\",\"@id\":\"https:\/\/www.gregorsinai.com\/staging\/#\/schema\/person\/image\/\",\"url\":\"https:\/\/www.gregorsinai.com\/staging\/wp-content\/uploads\/2021\/05\/Logo-Site-Identity.jpg\",\"contentUrl\":\"https:\/\/www.gregorsinai.com\/staging\/wp-content\/uploads\/2021\/05\/Logo-Site-Identity.jpg\",\"width\":1458,\"height\":417,\"caption\":\"Gregor Sinai\"},\"logo\":{\"@id\":\"https:\/\/www.gregorsinai.com\/staging\/#\/schema\/person\/image\/\"},\"sameAs\":[\"https:\/\/www.gregorsinai.com\/staging\/\",\"facebook.com\/pix.covery\",\"instagram.com\/sinaiproductions\",\"https:\/\/www.linkedin.com\/in\/gregor-sinai-4733a61b8\/\",\"https:\/\/www.pinterest.co.uk\/gregorsinai\",\"https:\/\/www.youtube.com\/channel\/UCsjGZ16bni4G7OiusasKVAQ\"]}]}<\/script>\n<!-- \/ Yoast SEO plugin. -->","yoast_head_json":{"title":"\u00dcber mich - gregorsinai.com","robots":{"index":"index","follow":"follow","max-snippet":"max-snippet:-1","max-image-preview":"max-image-preview:large","max-video-preview":"max-video-preview:-1"},"canonical":"https:\/\/www.gregorsinai.com\/staging\/ueber-mich\/","og_locale":"de_DE","og_type":"article","og_title":"\u00dcber mich - gregorsinai.com","og_description":"Mein Name ist Gregor Sinai und ich liebe es zu produzieren! Alles Kreative hat bei mir im Alter von 9 Jahren begonnen als ich Schlagzeugspielen in der Musikschule in Klosterneuburg lernte und in den diversesten Musikgruppen mitwirkte. Mit 20 fing ich an mir mein eigenes kleines Video- und Tonstudio einzurichten, in welchem ich meine eigenen [&hellip;]","og_url":"https:\/\/www.gregorsinai.com\/staging\/ueber-mich\/","og_site_name":"gregorsinai.com","article_publisher":"facebook.com\/pix.covery","article_modified_time":"2024-03-29T23:08:55+00:00","og_image":[{"width":1458,"height":417,"url":"https:\/\/www.gregorsinai.com\/staging\/wp-content\/uploads\/2021\/05\/Logo-Site-Identity.jpg","type":"image\/jpeg"}],"twitter_card":"summary_large_image","twitter_misc":{"Gesch\u00e4tzte Lesezeit":"1\u00a0Minute"},"schema":{"@context":"https:\/\/schema.org","@graph":[{"@type":["Article","BlogPosting"],"@id":"https:\/\/www.gregorsinai.com\/staging\/ueber-mich\/#article","isPartOf":{"@id":"https:\/\/www.gregorsinai.com\/staging\/ueber-mich\/"},"author":{"name":"Gregor Sinai","@id":"https:\/\/www.gregorsinai.com\/staging\/#\/schema\/person\/5005c7483e712a63f62813dd78077b78"},"headline":"\u00dcber mich","datePublished":"2022-10-16T21:50:06+00:00","dateModified":"2024-03-29T23:08:55+00:00","mainEntityOfPage":{"@id":"https:\/\/www.gregorsinai.com\/staging\/ueber-mich\/"},"wordCount":123,"publisher":{"@id":"https:\/\/www.gregorsinai.com\/staging\/#\/schema\/person\/5005c7483e712a63f62813dd78077b78"},"inLanguage":"de"},{"@type":["WebPage","AboutPage"],"@id":"https:\/\/www.gregorsinai.com\/staging\/ueber-mich\/","url":"https:\/\/www.gregorsinai.com\/staging\/ueber-mich\/","name":"\u00dcber mich - gregorsinai.com","isPartOf":{"@id":"https:\/\/www.gregorsinai.com\/staging\/#website"},"datePublished":"2022-10-16T21:50:06+00:00","dateModified":"2024-03-29T23:08:55+00:00","breadcrumb":{"@id":"https:\/\/www.gregorsinai.com\/staging\/ueber-mich\/#breadcrumb"},"inLanguage":"de","potentialAction":[{"@type":"ReadAction","target":["https:\/\/www.gregorsinai.com\/staging\/ueber-mich\/"]}]},{"@type":"BreadcrumbList","@id":"https:\/\/www.gregorsinai.com\/staging\/ueber-mich\/#breadcrumb","itemListElement":[{"@type":"ListItem","position":1,"name":"Startseite","item":"https:\/\/www.gregorsinai.com\/staging\/"},{"@type":"ListItem","position":2,"name":"\u00dcber mich"}]},{"@type":"WebSite","@id":"https:\/\/www.gregorsinai.com\/staging\/#website","url":"https:\/\/www.gregorsinai.com\/staging\/","name":"gregorsinai.com","description":"Fotografie &amp; Werbefilmproduktion aus Wien","publisher":{"@id":"https:\/\/www.gregorsinai.com\/staging\/#\/schema\/person\/5005c7483e712a63f62813dd78077b78"},"potentialAction":[{"@type":"SearchAction","target":{"@type":"EntryPoint","urlTemplate":"https:\/\/www.gregorsinai.com\/staging\/?s={search_term_string}"},"query-input":{"@type":"PropertyValueSpecification","valueRequired":true,"valueName":"search_term_string"}}],"inLanguage":"de"},{"@type":["Person","Organization"],"@id":"https:\/\/www.gregorsinai.com\/staging\/#\/schema\/person\/5005c7483e712a63f62813dd78077b78","name":"Gregor Sinai","image":{"@type":"ImageObject","inLanguage":"de","@id":"https:\/\/www.gregorsinai.com\/staging\/#\/schema\/person\/image\/","url":"https:\/\/www.gregorsinai.com\/staging\/wp-content\/uploads\/2021\/05\/Logo-Site-Identity.jpg","contentUrl":"https:\/\/www.gregorsinai.com\/staging\/wp-content\/uploads\/2021\/05\/Logo-Site-Identity.jpg","width":1458,"height":417,"caption":"Gregor Sinai"},"logo":{"@id":"https:\/\/www.gregorsinai.com\/staging\/#\/schema\/person\/image\/"},"sameAs":["https:\/\/www.gregorsinai.com\/staging\/","facebook.com\/pix.covery","instagram.com\/sinaiproductions","https:\/\/www.linkedin.com\/in\/gregor-sinai-4733a61b8\/","https:\/\/www.pinterest.co.uk\/gregorsinai","https:\/\/www.youtube.com\/channel\/UCsjGZ16bni4G7OiusasKVAQ"]}]}},"_links":{"self":[{"href":"https:\/\/www.gregorsinai.com\/staging\/wp-json\/wp\/v2\/pages\/2180","targetHints":{"allow":["GET"]}}],"collection":[{"href":"https:\/\/www.gregorsinai.com\/staging\/wp-json\/wp\/v2\/pages"}],"about":[{"href":"https:\/\/www.gregorsinai.com\/staging\/wp-json\/wp\/v2\/types\/page"}],"author":[{"embeddable":true,"href":"https:\/\/www.gregorsinai.com\/staging\/wp-json\/wp\/v2\/users\/2"}],"replies":[{"embeddable":true,"href":"https:\/\/www.gregorsinai.com\/staging\/wp-json\/wp\/v2\/comments?post=2180"}],"version-history":[{"count":0,"href":"https:\/\/www.gregorsinai.com\/staging\/wp-json\/wp\/v2\/pages\/2180\/revisions"}],"wp:attachment":[{"href":"https:\/\/www.gregorsinai.com\/staging\/wp-json\/wp\/v2\/media?parent=2180"}],"curies":[{"name":"wp","href":"https:\/\/api.w.org\/{rel}","templated":true}]}}