{"id":7323,"date":"2024-04-19T22:16:30","date_gmt":"2024-04-19T20:16:30","guid":{"rendered":"https:\/\/www.gregorsinai.com\/staging\/?post_type=product&#038;p=7323"},"modified":"2024-08-09T12:55:13","modified_gmt":"2024-08-09T10:55:13","slug":"dolomiten-seceda-way","status":"publish","type":"product","link":"https:\/\/www.gregorsinai.com\/staging\/shop\/dolomiten\/dolomiten-seceda-way\/","title":{"rendered":"Dolomiten &#8211; Seceda Way"},"content":{"rendered":"<p>Tauchen Sie ein in die atemberaubende Sch\u00f6nheit der Dolomiten mit diesem Wandbild des majest\u00e4tischen Seceda. Die charakteristischen schroffen Spitzen und sanften H\u00e4nge verleihen Ihrem Zuhause eine unvergleichliche Natursch\u00f6nheit. Erleben Sie die Ruhe und Gelassenheit, die von diesem beeindruckenden Bergmassiv ausstrahlt. Lassen Sie sich von der harmonischen Farbpalette und dem klaren Kontrast zwischen Himmel und Berggipfeln verzaubern. Bringen Sie mit diesem Bild ein St\u00fcck alpiner Eleganz in Ihr Zuhause und lassen Sie sich von der Sch\u00f6nheit der Natur inspirieren.<\/p>\n","protected":false},"excerpt":{"rendered":"<p>Tauchen Sie ein in die atemberaubende Sch\u00f6nheit der Dolomiten mit diesem Wandbild des majest\u00e4tischen Seceda. Die charakteristischen schroffen Spitzen und sanften H\u00e4nge verleihen Ihrem Zuhause eine unvergleichliche Natursch\u00f6nheit. Erleben Sie die Ruhe und Gelassenheit, die von diesem beeindruckenden Bergmassiv ausstrahlt. Lassen Sie sich von der harmonischen Farbpalette und dem klaren Kontrast zwischen Himmel und Berggipfeln [&hellip;]<\/p>\n","protected":false},"featured_media":7709,"comment_status":"closed","ping_status":"closed","template":"","meta":{"_acf_changed":false},"product_cat":[174],"product_tag":[168],"class_list":{"0":"post-7323","1":"product","2":"type-product","3":"status-publish","4":"has-post-thumbnail","6":"product_cat-dolomiten","7":"product_tag-seceda","9":"first","10":"instock","11":"shipping-taxable","12":"purchasable","13":"product-type-variable"},"acf":[],"yoast_head":"<!-- This site is optimized with the Yoast SEO plugin v23.8 - https:\/\/yoast.com\/wordpress\/plugins\/seo\/ -->\n<title>Dolomiten - Seceda Way - gregorsinai.com<\/title>\n<meta name=\"robots\" content=\"index, follow, max-snippet:-1, max-image-preview:large, max-video-preview:-1\" \/>\n<link rel=\"canonical\" href=\"https:\/\/www.gregorsinai.com\/staging\/shop\/dolomiten\/dolomiten-seceda-way\/\" \/>\n<meta property=\"og:locale\" content=\"de_DE\" \/>\n<meta property=\"og:type\" content=\"article\" \/>\n<meta property=\"og:title\" content=\"Dolomiten - Seceda Way - gregorsinai.com\" \/>\n<meta property=\"og:description\" content=\"Tauchen Sie ein in die atemberaubende Sch\u00f6nheit der Dolomiten mit diesem Wandbild des majest\u00e4tischen Seceda. Die charakteristischen schroffen Spitzen und sanften H\u00e4nge verleihen Ihrem Zuhause eine unvergleichliche Natursch\u00f6nheit. Erleben Sie die Ruhe und Gelassenheit, die von diesem beeindruckenden Bergmassiv ausstrahlt. Lassen Sie sich von der harmonischen Farbpalette und dem klaren Kontrast zwischen Himmel und Berggipfeln [&hellip;]\" \/>\n<meta property=\"og:url\" content=\"https:\/\/www.gregorsinai.com\/staging\/shop\/dolomiten\/dolomiten-seceda-way\/\" \/>\n<meta property=\"og:site_name\" content=\"gregorsinai.com\" \/>\n<meta property=\"article:publisher\" content=\"facebook.com\/pix.covery\" \/>\n<meta property=\"article:modified_time\" content=\"2024-08-09T10:55:13+00:00\" \/>\n<meta property=\"og:image\" content=\"https:\/\/www.gregorsinai.com\/staging\/wp-content\/uploads\/2024\/04\/Dolomites-Seceda-Way.jpeg\" \/>\n\t<meta property=\"og:image:width\" content=\"1000\" \/>\n\t<meta property=\"og:image:height\" content=\"750\" \/>\n\t<meta property=\"og:image:type\" content=\"image\/jpeg\" \/>\n<meta name=\"twitter:card\" content=\"summary_large_image\" \/>\n<meta name=\"twitter:label1\" content=\"Gesch\u00e4tzte Lesezeit\" \/>\n\t<meta name=\"twitter:data1\" content=\"1\u00a0Minute\" \/>\n<script type=\"application\/ld+json\" class=\"yoast-schema-graph\">{\"@context\":\"https:\/\/schema.org\",\"@graph\":[{\"@type\":\"WebPage\",\"@id\":\"https:\/\/www.gregorsinai.com\/staging\/shop\/dolomiten\/dolomiten-seceda-way\/\",\"url\":\"https:\/\/www.gregorsinai.com\/staging\/shop\/dolomiten\/dolomiten-seceda-way\/\",\"name\":\"Dolomiten - Seceda Way - gregorsinai.com\",\"isPartOf\":{\"@id\":\"https:\/\/www.gregorsinai.com\/staging\/#website\"},\"primaryImageOfPage\":{\"@id\":\"https:\/\/www.gregorsinai.com\/staging\/shop\/dolomiten\/dolomiten-seceda-way\/#primaryimage\"},\"image\":{\"@id\":\"https:\/\/www.gregorsinai.com\/staging\/shop\/dolomiten\/dolomiten-seceda-way\/#primaryimage\"},\"thumbnailUrl\":\"https:\/\/www.gregorsinai.com\/staging\/wp-content\/uploads\/2024\/04\/Dolomites-Seceda-Way.jpeg\",\"datePublished\":\"2024-04-19T20:16:30+00:00\",\"dateModified\":\"2024-08-09T10:55:13+00:00\",\"breadcrumb\":{\"@id\":\"https:\/\/www.gregorsinai.com\/staging\/shop\/dolomiten\/dolomiten-seceda-way\/#breadcrumb\"},\"inLanguage\":\"de\",\"potentialAction\":[{\"@type\":\"ReadAction\",\"target\":[\"https:\/\/www.gregorsinai.com\/staging\/shop\/dolomiten\/dolomiten-seceda-way\/\"]}]},{\"@type\":\"ImageObject\",\"inLanguage\":\"de\",\"@id\":\"https:\/\/www.gregorsinai.com\/staging\/shop\/dolomiten\/dolomiten-seceda-way\/#primaryimage\",\"url\":\"https:\/\/www.gregorsinai.com\/staging\/wp-content\/uploads\/2024\/04\/Dolomites-Seceda-Way.jpeg\",\"contentUrl\":\"https:\/\/www.gregorsinai.com\/staging\/wp-content\/uploads\/2024\/04\/Dolomites-Seceda-Way.jpeg\",\"width\":1000,\"height\":750,\"caption\":\"Dolomiten Seceda\"},{\"@type\":\"BreadcrumbList\",\"@id\":\"https:\/\/www.gregorsinai.com\/staging\/shop\/dolomiten\/dolomiten-seceda-way\/#breadcrumb\",\"itemListElement\":[{\"@type\":\"ListItem\",\"position\":1,\"name\":\"Startseite\",\"item\":\"https:\/\/www.gregorsinai.com\/staging\/\"},{\"@type\":\"ListItem\",\"position\":2,\"name\":\"Shop\",\"item\":\"https:\/\/www.gregorsinai.com\/staging\/shop\/\"},{\"@type\":\"ListItem\",\"position\":3,\"name\":\"Dolomiten &#8211; Seceda Way\"}]},{\"@type\":\"WebSite\",\"@id\":\"https:\/\/www.gregorsinai.com\/staging\/#website\",\"url\":\"https:\/\/www.gregorsinai.com\/staging\/\",\"name\":\"gregorsinai.com\",\"description\":\"Fotografie &amp; Werbefilmproduktion aus Wien\",\"publisher\":{\"@id\":\"https:\/\/www.gregorsinai.com\/staging\/#\/schema\/person\/5005c7483e712a63f62813dd78077b78\"},\"potentialAction\":[{\"@type\":\"SearchAction\",\"target\":{\"@type\":\"EntryPoint\",\"urlTemplate\":\"https:\/\/www.gregorsinai.com\/staging\/?s={search_term_string}\"},\"query-input\":{\"@type\":\"PropertyValueSpecification\",\"valueRequired\":true,\"valueName\":\"search_term_string\"}}],\"inLanguage\":\"de\"},{\"@type\":[\"Person\",\"Organization\"],\"@id\":\"https:\/\/www.gregorsinai.com\/staging\/#\/schema\/person\/5005c7483e712a63f62813dd78077b78\",\"name\":\"Gregor Sinai\",\"image\":{\"@type\":\"ImageObject\",\"inLanguage\":\"de\",\"@id\":\"https:\/\/www.gregorsinai.com\/staging\/#\/schema\/person\/image\/\",\"url\":\"https:\/\/www.gregorsinai.com\/staging\/wp-content\/uploads\/2021\/05\/Logo-Site-Identity.jpg\",\"contentUrl\":\"https:\/\/www.gregorsinai.com\/staging\/wp-content\/uploads\/2021\/05\/Logo-Site-Identity.jpg\",\"width\":1458,\"height\":417,\"caption\":\"Gregor Sinai\"},\"logo\":{\"@id\":\"https:\/\/www.gregorsinai.com\/staging\/#\/schema\/person\/image\/\"},\"sameAs\":[\"https:\/\/www.gregorsinai.com\/staging\/\",\"facebook.com\/pix.covery\",\"instagram.com\/sinaiproductions\",\"https:\/\/www.linkedin.com\/in\/gregor-sinai-4733a61b8\/\",\"https:\/\/www.pinterest.co.uk\/gregorsinai\",\"https:\/\/www.youtube.com\/channel\/UCsjGZ16bni4G7OiusasKVAQ\"]}]}<\/script>\n<!-- \/ Yoast SEO plugin. -->","yoast_head_json":{"title":"Dolomiten - Seceda Way - gregorsinai.com","robots":{"index":"index","follow":"follow","max-snippet":"max-snippet:-1","max-image-preview":"max-image-preview:large","max-video-preview":"max-video-preview:-1"},"canonical":"https:\/\/www.gregorsinai.com\/staging\/shop\/dolomiten\/dolomiten-seceda-way\/","og_locale":"de_DE","og_type":"article","og_title":"Dolomiten - Seceda Way - gregorsinai.com","og_description":"Tauchen Sie ein in die atemberaubende Sch\u00f6nheit der Dolomiten mit diesem Wandbild des majest\u00e4tischen Seceda. Die charakteristischen schroffen Spitzen und sanften H\u00e4nge verleihen Ihrem Zuhause eine unvergleichliche Natursch\u00f6nheit. Erleben Sie die Ruhe und Gelassenheit, die von diesem beeindruckenden Bergmassiv ausstrahlt. Lassen Sie sich von der harmonischen Farbpalette und dem klaren Kontrast zwischen Himmel und Berggipfeln [&hellip;]","og_url":"https:\/\/www.gregorsinai.com\/staging\/shop\/dolomiten\/dolomiten-seceda-way\/","og_site_name":"gregorsinai.com","article_publisher":"facebook.com\/pix.covery","article_modified_time":"2024-08-09T10:55:13+00:00","og_image":[{"width":1000,"height":750,"url":"https:\/\/www.gregorsinai.com\/staging\/wp-content\/uploads\/2024\/04\/Dolomites-Seceda-Way.jpeg","type":"image\/jpeg"}],"twitter_card":"summary_large_image","twitter_misc":{"Gesch\u00e4tzte Lesezeit":"1\u00a0Minute"},"schema":{"@context":"https:\/\/schema.org","@graph":[{"@type":"WebPage","@id":"https:\/\/www.gregorsinai.com\/staging\/shop\/dolomiten\/dolomiten-seceda-way\/","url":"https:\/\/www.gregorsinai.com\/staging\/shop\/dolomiten\/dolomiten-seceda-way\/","name":"Dolomiten - Seceda Way - gregorsinai.com","isPartOf":{"@id":"https:\/\/www.gregorsinai.com\/staging\/#website"},"primaryImageOfPage":{"@id":"https:\/\/www.gregorsinai.com\/staging\/shop\/dolomiten\/dolomiten-seceda-way\/#primaryimage"},"image":{"@id":"https:\/\/www.gregorsinai.com\/staging\/shop\/dolomiten\/dolomiten-seceda-way\/#primaryimage"},"thumbnailUrl":"https:\/\/www.gregorsinai.com\/staging\/wp-content\/uploads\/2024\/04\/Dolomites-Seceda-Way.jpeg","datePublished":"2024-04-19T20:16:30+00:00","dateModified":"2024-08-09T10:55:13+00:00","breadcrumb":{"@id":"https:\/\/www.gregorsinai.com\/staging\/shop\/dolomiten\/dolomiten-seceda-way\/#breadcrumb"},"inLanguage":"de","potentialAction":[{"@type":"ReadAction","target":["https:\/\/www.gregorsinai.com\/staging\/shop\/dolomiten\/dolomiten-seceda-way\/"]}]},{"@type":"ImageObject","inLanguage":"de","@id":"https:\/\/www.gregorsinai.com\/staging\/shop\/dolomiten\/dolomiten-seceda-way\/#primaryimage","url":"https:\/\/www.gregorsinai.com\/staging\/wp-content\/uploads\/2024\/04\/Dolomites-Seceda-Way.jpeg","contentUrl":"https:\/\/www.gregorsinai.com\/staging\/wp-content\/uploads\/2024\/04\/Dolomites-Seceda-Way.jpeg","width":1000,"height":750,"caption":"Dolomiten Seceda"},{"@type":"BreadcrumbList","@id":"https:\/\/www.gregorsinai.com\/staging\/shop\/dolomiten\/dolomiten-seceda-way\/#breadcrumb","itemListElement":[{"@type":"ListItem","position":1,"name":"Startseite","item":"https:\/\/www.gregorsinai.com\/staging\/"},{"@type":"ListItem","position":2,"name":"Shop","item":"https:\/\/www.gregorsinai.com\/staging\/shop\/"},{"@type":"ListItem","position":3,"name":"Dolomiten &#8211; Seceda Way"}]},{"@type":"WebSite","@id":"https:\/\/www.gregorsinai.com\/staging\/#website","url":"https:\/\/www.gregorsinai.com\/staging\/","name":"gregorsinai.com","description":"Fotografie &amp; Werbefilmproduktion aus Wien","publisher":{"@id":"https:\/\/www.gregorsinai.com\/staging\/#\/schema\/person\/5005c7483e712a63f62813dd78077b78"},"potentialAction":[{"@type":"SearchAction","target":{"@type":"EntryPoint","urlTemplate":"https:\/\/www.gregorsinai.com\/staging\/?s={search_term_string}"},"query-input":{"@type":"PropertyValueSpecification","valueRequired":true,"valueName":"search_term_string"}}],"inLanguage":"de"},{"@type":["Person","Organization"],"@id":"https:\/\/www.gregorsinai.com\/staging\/#\/schema\/person\/5005c7483e712a63f62813dd78077b78","name":"Gregor Sinai","image":{"@type":"ImageObject","inLanguage":"de","@id":"https:\/\/www.gregorsinai.com\/staging\/#\/schema\/person\/image\/","url":"https:\/\/www.gregorsinai.com\/staging\/wp-content\/uploads\/2021\/05\/Logo-Site-Identity.jpg","contentUrl":"https:\/\/www.gregorsinai.com\/staging\/wp-content\/uploads\/2021\/05\/Logo-Site-Identity.jpg","width":1458,"height":417,"caption":"Gregor Sinai"},"logo":{"@id":"https:\/\/www.gregorsinai.com\/staging\/#\/schema\/person\/image\/"},"sameAs":["https:\/\/www.gregorsinai.com\/staging\/","facebook.com\/pix.covery","instagram.com\/sinaiproductions","https:\/\/www.linkedin.com\/in\/gregor-sinai-4733a61b8\/","https:\/\/www.pinterest.co.uk\/gregorsinai","https:\/\/www.youtube.com\/channel\/UCsjGZ16bni4G7OiusasKVAQ"]}]}},"_links":{"self":[{"href":"https:\/\/www.gregorsinai.com\/staging\/wp-json\/wp\/v2\/product\/7323","targetHints":{"allow":["GET"]}}],"collection":[{"href":"https:\/\/www.gregorsinai.com\/staging\/wp-json\/wp\/v2\/product"}],"about":[{"href":"https:\/\/www.gregorsinai.com\/staging\/wp-json\/wp\/v2\/types\/product"}],"replies":[{"embeddable":true,"href":"https:\/\/www.gregorsinai.com\/staging\/wp-json\/wp\/v2\/comments?post=7323"}],"wp:featuredmedia":[{"embeddable":true,"href":"https:\/\/www.gregorsinai.com\/staging\/wp-json\/wp\/v2\/media\/7709"}],"wp:attachment":[{"href":"https:\/\/www.gregorsinai.com\/staging\/wp-json\/wp\/v2\/media?parent=7323"}],"wp:term":[{"taxonomy":"product_cat","embeddable":true,"href":"https:\/\/www.gregorsinai.com\/staging\/wp-json\/wp\/v2\/product_cat?post=7323"},{"taxonomy":"product_tag","embeddable":true,"href":"https:\/\/www.gregorsinai.com\/staging\/wp-json\/wp\/v2\/product_tag?post=7323"}],"curies":[{"name":"wp","href":"https:\/\/api.w.org\/{rel}","templated":true}]}}